{"id":2,"date":"2023-04-13T09:30:23","date_gmt":"2023-04-13T09:30:23","guid":{"rendered":"http:\/\/www.naturoterapeuta.net\/?page_id=2"},"modified":"2023-10-26T09:26:46","modified_gmt":"2023-10-26T09:26:46","slug":"sample-page","status":"publish","type":"page","link":"https:\/\/www.naturoterapeuta.net\/","title":{"rendered":"Strona g\u0142\u00f3wna"},"content":{"rendered":"\n<p>Witaj na naszym blogu po\u015bwi\u0119conym NaturoTerapii &#8211; holistycznemu podej\u015bciu do zdrowia i dobrostanu. Jeste\u015bmy bardzo podekscytowani, \u017ce znalaz\u0142e\u015b\/a\u015b nasz\u0105 spo\u0142eczno\u015b\u0107 i chcieliby\u015bmy serdecznie Ci\u0119 przywita\u0107 w fascynuj\u0105cym \u015bwiecie naturalnych metod leczenia i harmonii z natur\u0105.<\/p>\n\n\n\n<p>NaturoTerapia to filozofia zdrowia, kt\u00f3ra opiera si\u0119 na przekonaniu, \u017ce cia\u0142o ludzkie ma zdolno\u015b\u0107 do samoleczenia, a natura dostarcza nam wszystkiego, czego potrzebujemy, aby zachowa\u0107 zdrowie i r\u00f3wnowag\u0119. Naszym celem jest dzielenie si\u0119 wiedz\u0105 na temat r\u00f3\u017cnych aspekt\u00f3w NaturoTerapii, aby pom\u00f3c Ci odkry\u0107 potencja\u0142 naturalnych metod leczenia i wspierania zdrowia.<\/p>\n\n\n\n<p>Na naszym blogu b\u0119dziemy zg\u0142\u0119bia\u0107 r\u00f3\u017cne dziedziny i techniki zwi\u0105zane z NaturoTerapi\u0105, takie jak:<\/p>\n\n\n\n<ul class=\"wp-block-list\">\n<li><strong>Zio\u0142olecznictwo:<\/strong> Dowiesz si\u0119, jak ro\u015bliny i zio\u0142a mog\u0105 by\u0107 wykorzystywane w celach leczniczych, jak r\u00f3wnie\u017c jak przygotowywa\u0107 proste domowe remedium.<\/li>\n\n\n\n<li><strong>Dietetyka i \u017cywienie:<\/strong> Poznasz znaczenie zdrowego od\u017cywiania i jak dostosowa\u0107 swoj\u0105 diet\u0119, aby wesprze\u0107 zdrowie i dobrostan.<\/li>\n\n\n\n<li><strong>Historie ludzi,<\/strong> kt\u00f3rym pomog\u0142a NaturoTerapia, stanowi\u0105 inspiruj\u0105cy przekaz na temat potencja\u0142u naturalnych metod leczenia i holistycznego podej\u015bcia do zdrowia.<\/li>\n\n\n\n<li><strong>Medytacja i relaksacja:<\/strong> Dzielimy si\u0119 praktycznymi wskaz\u00f3wkami, jak osi\u0105gn\u0105\u0107 stan spokoju i wewn\u0119trznej r\u00f3wnowagi.<\/li>\n\n\n\n<li><strong>Holisticzne podej\u015bcie do zdrowia:<\/strong> Odkryjesz, jak wszystkie aspekty \u017cycia, takie jak emocje, duchowo\u015b\u0107, fizyczne i energetyczne aspekty, \u0142\u0105cz\u0105 si\u0119 w procesie zdrowienia.<\/li>\n<\/ul>\n\n\n\n<p>Nasz blog ma na celu dostarczy\u0107 Ci inspiracji, praktycznych wskaz\u00f3wek i informacji, kt\u00f3re pomog\u0105 Ci lepiej zrozumie\u0107 i wykorzysta\u0107 potencja\u0142 NaturoTerapii. Bez wzgl\u0119du na to, czy jeste\u015b ju\u017c zaawansowanym entuzjast\u0105 tej dziedziny, czy dopiero zaczynasz swoj\u0105 przygod\u0119, mamy nadziej\u0119, \u017ce znajdziesz tu wiele warto\u015bciowych tre\u015bci.<\/p>\n\n\n\n<p>Dzi\u0119kujemy za do\u0142\u0105czenie do naszej spo\u0142eczno\u015bci NaturoTerapii. Zach\u0119camy do regularnego odwiedzania naszego bloga, aby kontynuowa\u0107 podr\u00f3\u017c w kierunku zdrowia, r\u00f3wnowagi i dobrostanu, korzystaj\u0105c z naturalnych dar\u00f3w natury.<\/p>\n","protected":false},"excerpt":{"rendered":"<p>Witaj na naszym blogu po\u015bwi\u0119conym NaturoTerapii &#8211; holistycznemu podej\u015bciu do zdrowia i dobrostanu. Jeste\u015bmy bardzo podekscytowani, \u017ce znalaz\u0142e\u015b\/a\u015b nasz\u0105 spo\u0142eczno\u015b\u0107 i chcieliby\u015bmy serdecznie Ci\u0119 przywita\u0107 w fascynuj\u0105cym \u015bwiecie naturalnych metod leczenia i harmonii z natur\u0105. NaturoTerapia to filozofia zdrowia, kt\u00f3ra opiera si\u0119 na przekonaniu, \u017ce cia\u0142o ludzkie ma zdolno\u015b\u0107 do samoleczenia, a natura dostarcza nam [&hellip;]<\/p>\n","protected":false},"author":1,"featured_media":0,"parent":0,"menu_order":0,"comment_status":"closed","ping_status":"open","template":"","meta":{"footnotes":""},"class_list":["post-2","page","type-page","status-publish","hentry"],"_links":{"self":[{"href":"https:\/\/www.naturoterapeuta.net\/index.php\/wp-json\/wp\/v2\/pages\/2","targetHints":{"allow":["GET"]}}],"collection":[{"href":"https:\/\/www.naturoterapeuta.net\/index.php\/wp-json\/wp\/v2\/pages"}],"about":[{"href":"https:\/\/www.naturoterapeuta.net\/index.php\/wp-json\/wp\/v2\/types\/page"}],"author":[{"embeddable":true,"href":"https:\/\/www.naturoterapeuta.net\/index.php\/wp-json\/wp\/v2\/users\/1"}],"replies":[{"embeddable":true,"href":"https:\/\/www.naturoterapeuta.net\/index.php\/wp-json\/wp\/v2\/comments?post=2"}],"version-history":[{"count":1,"href":"https:\/\/www.naturoterapeuta.net\/index.php\/wp-json\/wp\/v2\/pages\/2\/revisions"}],"predecessor-version":[{"id":50,"href":"https:\/\/www.naturoterapeuta.net\/index.php\/wp-json\/wp\/v2\/pages\/2\/revisions\/50"}],"wp:attachment":[{"href":"https:\/\/www.naturoterapeuta.net\/index.php\/wp-json\/wp\/v2\/media?parent=2"}],"curies":[{"name":"wp","href":"https:\/\/api.w.org\/{rel}","templated":true}]}}